{"id":3555,"date":"2024-05-07T00:20:45","date_gmt":"2024-05-06T21:20:45","guid":{"rendered":"https:\/\/ucuzurunbul.com\/index.php\/membership-login\/"},"modified":"2024-06-07T23:18:48","modified_gmt":"2024-06-07T20:18:48","slug":"membership-login","status":"publish","type":"page","link":"https:\/\/ucuzurunbul.com\/","title":{"rendered":"Ana Sayfa-1"},"content":{"rendered":"<section class=\"wpb-content-wrapper\"><p>[vc_row][vc_column width=&#8221;1\/6&#8243;][\/vc_column][vc_column width=&#8221;2\/3&#8243;][vc_empty_space][vc_row_inner][vc_column_inner width=&#8221;1\/2&#8243;][vc_single_image image=&#8221;3217&#8243; img_size=&#8221;medium&#8221; alignment=&#8221;center&#8221; style=&#8221;vc_box_shadow&#8221; onclick=&#8221;custom_link&#8221; link=&#8221;#&#8221;][\/vc_column_inner][vc_column_inner width=&#8221;1\/2&#8243;][vc_column_text]<\/p>\n<h2>\u015eubat 2024<\/h2>\n<p>[\/vc_column_text]<div class=\"eltd-separator-with-icon-holder clearfix  eltd-separator-left\" style=\"margin-top: 12px\">\n\t<div class=\"eltd-separator\">\n\t\t<span style=\"width: 85px;height: 1px\"><\/span>\n\t<\/div>\n\t<div class=\"eltd-separator-icon\">\n\t\t<i class=\"eltd-icon-linear-icon lnr lnr-cog \" ><\/i>\t<\/div>\n\t<div class=\"eltd-separator\">\n\t\t<span style=\"width: 85px;height: 1px\"><\/span>\n\t<\/div>\n<\/div>[vc_column_text]Muhterem Okuyucu,<\/p>\n<p>T\u00fcrktoyu T\u00fcrk D\u00fcnyas\u0131 Edebiyat\u0131 Dergisi \u015eubat say\u0131s\u0131yla merhaba diyoruz. Dergimiz edit\u00f6r\u00fc \u00d6mr\u00fcm I\u015eIKAK ve Azerbaycan\u2019dan Aysel HANLARKIZI hocalar\u0131m\u0131z\u0131n yaz\u0131lar\u0131 ile merhaba dedi\u011fimiz dergimizde, tekrar ya\u015famak istemeyece\u011fimiz o ay\u0131 tekrardan y\u00e2d etmi\u015f olacaks\u0131n\u0131z.[\/vc_column_text][vc_empty_space]<a href=\"https:\/\/ucuzurunbul.com\/index.php\/membership-join\/membership-registration\/\" target=\"_self\" style=\"font-weight: 100\" class=\"eltd-btn eltd-btn-medium eltd-btn-outline\"  >\n    <span class=\"eltd-btn-text\">DEVAMINI OKUYUN<\/span>\n    <\/a>[vc_empty_space][\/vc_column_inner][\/vc_row_inner][vc_empty_space][\/vc_column][vc_column width=&#8221;1\/6&#8243;][\/vc_column][\/vc_row][vc_row][vc_column width=&#8221;1\/6&#8243;][\/vc_column][vc_column width=&#8221;2\/3&#8243;][vc_column_text]<\/p>\n<h2>\u00dclkeler | Son Yaz\u0131lar<\/h2>\n<p>[\/vc_column_text]<div class=\"eltd-separator-with-icon-holder clearfix  eltd-separator-left\" style=\"margin-top: 12px\">\n\t<div class=\"eltd-separator\">\n\t\t<span style=\"width: 85px;height: 1px\"><\/span>\n\t<\/div>\n\t<div class=\"eltd-separator-icon\">\n\t\t<i class=\"eltd-icon-linear-icon lnr lnr-cog \" ><\/i>\t<\/div>\n\t<div class=\"eltd-separator\">\n\t\t<span style=\"width: 85px;height: 1px\"><\/span>\n\t<\/div>\n<\/div>[vc_empty_space][vc_column_text][metaslider id=&#8221;4086&#8243;][\/vc_column_text][\/vc_column][vc_column width=&#8221;1\/6&#8243;][\/vc_column][\/vc_row][vc_row][vc_column width=&#8221;1\/6&#8243;][\/vc_column][vc_column width=&#8221;2\/3&#8243;][vc_column_text]<\/p>\n<h2>Yazarlar | Son Yaz\u0131lar<\/h2>\n<p>[\/vc_column_text]<div class=\"eltd-separator-with-icon-holder clearfix  eltd-separator-left\" style=\"margin-top: 12px\">\n\t<div class=\"eltd-separator\">\n\t\t<span style=\"width: 85px;height: 1px\"><\/span>\n\t<\/div>\n\t<div class=\"eltd-separator-icon\">\n\t\t<i class=\"eltd-icon-linear-icon lnr lnr-cog \" ><\/i>\t<\/div>\n\t<div class=\"eltd-separator\">\n\t\t<span style=\"width: 85px;height: 1px\"><\/span>\n\t<\/div>\n<\/div>[vc_empty_space][vc_column_text][metaslider id=&#8221;4099&#8243;][\/vc_column_text][\/vc_column][vc_column width=&#8221;1\/6&#8243;][\/vc_column][\/vc_row][vc_row][vc_column width=&#8221;1\/6&#8243;][\/vc_column][vc_column width=&#8221;2\/3&#8243;][vc_column_text]<\/p>\n<h2>Edit\u00f6r\u00fcn Se\u00e7imi | Son Yaz\u0131lar<\/h2>\n<p>[\/vc_column_text]<div class=\"eltd-separator-with-icon-holder clearfix  eltd-separator-left\" style=\"margin-top: 12px\">\n\t<div class=\"eltd-separator\">\n\t\t<span style=\"width: 85px;height: 1px\"><\/span>\n\t<\/div>\n\t<div class=\"eltd-separator-icon\">\n\t\t<i class=\"eltd-icon-linear-icon lnr lnr-cog \" ><\/i>\t<\/div>\n\t<div class=\"eltd-separator\">\n\t\t<span style=\"width: 85px;height: 1px\"><\/span>\n\t<\/div>\n<\/div>[vc_empty_space]<div class=\"eltd-blog-list-holder eltd-masonry \">\n\t<ul class=\"eltd-blog-list\">\n\t\t\t<li class=\"eltd-blog-list-masonry-grid-sizer\"><\/li>\n\t\t<li class=\"eltd-blog-list-masonry-grid-gutter\"><\/li>\n\t<li class=\"eltd-blog-list-item eltd-blog-list-masonry-item\">\n\t<div class=\"eltd-blog-list-item-inner\">\n\t\t<div class=\"eltd-item-image clearfix\">\n\t\t\t<a href=\"https:\/\/ucuzurunbul.com\/index.php\/2024\/06\/07\/mahalle\/\">\n\t\t\t\t<img loading=\"lazy\" decoding=\"async\" width=\"1080\" height=\"1081\" src=\"https:\/\/ucuzurunbul.com\/wp-content\/uploads\/2024\/06\/TurkToyu_4@2x-100.jpg\" class=\"attachment-full size-full wp-post-image\" alt=\"\" srcset=\"https:\/\/ucuzurunbul.com\/wp-content\/uploads\/2024\/06\/TurkToyu_4@2x-100.jpg 1080w, https:\/\/ucuzurunbul.com\/wp-content\/uploads\/2024\/06\/TurkToyu_4@2x-100-300x300.jpg 300w, https:\/\/ucuzurunbul.com\/wp-content\/uploads\/2024\/06\/TurkToyu_4@2x-100-1024x1024.jpg 1024w, https:\/\/ucuzurunbul.com\/wp-content\/uploads\/2024\/06\/TurkToyu_4@2x-100-150x150.jpg 150w, https:\/\/ucuzurunbul.com\/wp-content\/uploads\/2024\/06\/TurkToyu_4@2x-100-768x769.jpg 768w, https:\/\/ucuzurunbul.com\/wp-content\/uploads\/2024\/06\/TurkToyu_4@2x-100-600x600.jpg 600w, https:\/\/ucuzurunbul.com\/wp-content\/uploads\/2024\/06\/TurkToyu_4@2x-100-550x550.jpg 550w, https:\/\/ucuzurunbul.com\/wp-content\/uploads\/2024\/06\/TurkToyu_4@2x-100-1000x1000.jpg 1000w\" sizes=\"(max-width: 1080px) 100vw, 1080px\" \/>\t\t\t\t\n\t\t\t<\/a>\n\t\t<\/div>\t\n\t\t<div class=\"eltd-item-text-holder\">\n\t\t\t\n\t\t\t<div class=\"eltd-item-info-section eltd-top-section\">\n\t\t\t\t<div class=\"eltd-post-info-category\">\n\t<a href=\"https:\/\/ucuzurunbul.com\/index.php\/category\/yazarlar\/abdulla-kahhar\/\" rel=\"category tag\">Abdulla Kahhar<\/a> \/ <a href=\"https:\/\/ucuzurunbul.com\/index.php\/category\/editorun-secimi\/\" rel=\"category tag\">ED\u0130T\u00d6R\u00dcN SE\u00c7\u0130M\u0130<\/a> \/ <a href=\"https:\/\/ucuzurunbul.com\/index.php\/category\/turler\/hikaye\/\" rel=\"category tag\">Hikaye<\/a> \/ <a href=\"https:\/\/ucuzurunbul.com\/index.php\/category\/ulkeler\/ozbekistan\/\" rel=\"category tag\">\u00d6zbekistan<\/a> \/ <a href=\"https:\/\/ucuzurunbul.com\/index.php\/category\/son-sayimiz\/\" rel=\"category tag\">SON SAYIMIZ<\/a> \/ <a href=\"https:\/\/ucuzurunbul.com\/index.php\/category\/turk-toyu\/\" rel=\"category tag\">T\u00dcRK TOYU<\/a> \/ <a href=\"https:\/\/ucuzurunbul.com\/index.php\/category\/turler\/\" rel=\"category tag\">T\u00dcRLER<\/a> \/ <a href=\"https:\/\/ucuzurunbul.com\/index.php\/category\/ucretsiz-oku\/\" rel=\"category tag\">\u00dcCRETS\u0130Z OKU<\/a> \/ <a href=\"https:\/\/ucuzurunbul.com\/index.php\/category\/ulkeler\/\" rel=\"category tag\">\u00dcLKELER<\/a> \/ <a href=\"https:\/\/ucuzurunbul.com\/index.php\/category\/yazarlar\/\" rel=\"category tag\">YAZARLAR<\/a><\/div>\t\t\t<\/div>\t\n\t\t\t\n\t\t\t<h4 class=\"eltd-item-title \">\n\t\t\t\t<a href=\"https:\/\/ucuzurunbul.com\/index.php\/2024\/06\/07\/mahalle\/\" >\n\t\t\t\t\tMAHALLE\t\t\t\t<\/a>\n\t\t\t<\/h4>\n\t\t\t\n\t\t\t\n\t\t\t\t\t\t\t<p class=\"eltd-excerpt\">\n\t\t\t\t\t\u0130nsanla hayatt\u0131r insan\r\n\r\nA\u015fktan olu\u015fmu\u015f hayat\u0131n ba\u015f\u0131,\r\n\r\nAdamlara\u00a0 can verecek\r\n...\n\t\t\t\t<\/p>\n\t\t\t\t\n\t\t\t\t\t\t\n\t\t\t\n\t\t\t<div class=\"eltd-item-info-section\">\n\t\t\t\t<div class=\"eltd-post-info-date\">\n\t\n\t\n\t\t7 Haziran 2024\n\t\t\t\n<\/div><div class=\"eltd-post-info-author\">\n\t\n\tby\t\n\t<a class=\"eltd-post-info-author-link\" href=\"https:\/\/ucuzurunbul.com\/index.php\/author\/ucuzurunbul-com\/\">\n\t\tucuzurunbul.com\t<\/a>\t\t\n\t\n<\/div>\n\t\t\t<\/div>\n\t\t<\/div>\t\n\t<\/div>\t\n<\/li><li class=\"eltd-blog-list-item eltd-blog-list-masonry-item\">\n\t<div class=\"eltd-blog-list-item-inner\">\n\t\t<div class=\"eltd-item-image clearfix\">\n\t\t\t<a href=\"https:\/\/ucuzurunbul.com\/index.php\/2024\/06\/07\/bolus-diykanbayin-olumu\/\">\n\t\t\t\t<img loading=\"lazy\" decoding=\"async\" width=\"1080\" height=\"1080\" src=\"https:\/\/ucuzurunbul.com\/wp-content\/uploads\/2024\/06\/TurkToyu_1@2x-100.jpg\" class=\"attachment-full size-full wp-post-image\" alt=\"\" srcset=\"https:\/\/ucuzurunbul.com\/wp-content\/uploads\/2024\/06\/TurkToyu_1@2x-100.jpg 1080w, https:\/\/ucuzurunbul.com\/wp-content\/uploads\/2024\/06\/TurkToyu_1@2x-100-300x300.jpg 300w, https:\/\/ucuzurunbul.com\/wp-content\/uploads\/2024\/06\/TurkToyu_1@2x-100-1024x1024.jpg 1024w, https:\/\/ucuzurunbul.com\/wp-content\/uploads\/2024\/06\/TurkToyu_1@2x-100-150x150.jpg 150w, https:\/\/ucuzurunbul.com\/wp-content\/uploads\/2024\/06\/TurkToyu_1@2x-100-768x768.jpg 768w, https:\/\/ucuzurunbul.com\/wp-content\/uploads\/2024\/06\/TurkToyu_1@2x-100-600x600.jpg 600w, https:\/\/ucuzurunbul.com\/wp-content\/uploads\/2024\/06\/TurkToyu_1@2x-100-550x550.jpg 550w, https:\/\/ucuzurunbul.com\/wp-content\/uploads\/2024\/06\/TurkToyu_1@2x-100-1000x1000.jpg 1000w\" sizes=\"(max-width: 1080px) 100vw, 1080px\" \/>\t\t\t\t\n\t\t\t<\/a>\n\t\t<\/div>\t\n\t\t<div class=\"eltd-item-text-holder\">\n\t\t\t\n\t\t\t<div class=\"eltd-item-info-section eltd-top-section\">\n\t\t\t\t<div class=\"eltd-post-info-category\">\n\t<a href=\"https:\/\/ucuzurunbul.com\/index.php\/category\/yazarlar\/abdimanap-kolbayev\/\" rel=\"category tag\">Abdimanap K\u00f6lbayev<\/a> \/ <a href=\"https:\/\/ucuzurunbul.com\/index.php\/category\/editorun-secimi\/\" rel=\"category tag\">ED\u0130T\u00d6R\u00dcN SE\u00c7\u0130M\u0130<\/a> \/ <a href=\"https:\/\/ucuzurunbul.com\/index.php\/category\/turler\/hikaye\/\" rel=\"category tag\">Hikaye<\/a> \/ <a href=\"https:\/\/ucuzurunbul.com\/index.php\/category\/ulkeler\/kazakistan\/\" rel=\"category tag\">Kazakistan<\/a> \/ <a href=\"https:\/\/ucuzurunbul.com\/index.php\/category\/son-sayimiz\/\" rel=\"category tag\">SON SAYIMIZ<\/a> \/ <a href=\"https:\/\/ucuzurunbul.com\/index.php\/category\/turk-toyu\/\" rel=\"category tag\">T\u00dcRK TOYU<\/a> \/ <a href=\"https:\/\/ucuzurunbul.com\/index.php\/category\/turler\/\" rel=\"category tag\">T\u00dcRLER<\/a> \/ <a href=\"https:\/\/ucuzurunbul.com\/index.php\/category\/ucretsiz-oku\/\" rel=\"category tag\">\u00dcCRETS\u0130Z OKU<\/a> \/ <a href=\"https:\/\/ucuzurunbul.com\/index.php\/category\/ulkeler\/\" rel=\"category tag\">\u00dcLKELER<\/a> \/ <a href=\"https:\/\/ucuzurunbul.com\/index.php\/category\/yazarlar\/\" rel=\"category tag\">YAZARLAR<\/a><\/div>\t\t\t<\/div>\t\n\t\t\t\n\t\t\t<h4 class=\"eltd-item-title \">\n\t\t\t\t<a href=\"https:\/\/ucuzurunbul.com\/index.php\/2024\/06\/07\/bolus-diykanbayin-olumu\/\" >\n\t\t\t\t\tBOLU\u015e DIYKANBAY\u2019IN \u00d6L\u00dcM\u00dc\t\t\t\t<\/a>\n\t\t\t<\/h4>\n\t\t\t\n\t\t\t\n\t\t\t\t\t\t\t<p class=\"eltd-excerpt\">\n\t\t\t\t\t\u0130lkbahar\u0131n \u015fen g\u00fcnlerinden biriydi. G\u00f6ky\u00fcz\u00fc masmavi, hava g\u00fcne\u015fliydi, d\u00f6rt bir y...\n\t\t\t\t<\/p>\n\t\t\t\t\n\t\t\t\t\t\t\n\t\t\t\n\t\t\t<div class=\"eltd-item-info-section\">\n\t\t\t\t<div class=\"eltd-post-info-date\">\n\t\n\t\n\t\t7 Haziran 2024\n\t\t\t\n<\/div><div class=\"eltd-post-info-author\">\n\t\n\tby\t\n\t<a class=\"eltd-post-info-author-link\" href=\"https:\/\/ucuzurunbul.com\/index.php\/author\/turktoyu\/\">\n\t\tturktoyu\t<\/a>\t\t\n\t\n<\/div>\n\t\t\t<\/div>\n\t\t<\/div>\t\n\t<\/div>\t\n<\/li>\t<\/ul>\t\n<\/div>\n[\/vc_column][vc_column width=&#8221;1\/6&#8243;][\/vc_column][\/vc_row][vc_row][vc_column width=&#8221;1\/6&#8243;][\/vc_column][vc_column width=&#8221;2\/3&#8243;][vc_column_text]<\/p>\n<h2>Eski Say\u0131lar<\/h2>\n<p>[\/vc_column_text]<div class=\"eltd-separator-with-icon-holder clearfix  eltd-separator-left\" style=\"margin-top: 12px\">\n\t<div class=\"eltd-separator\">\n\t\t<span style=\"width: 85px;height: 1px\"><\/span>\n\t<\/div>\n\t<div class=\"eltd-separator-icon\">\n\t\t<i class=\"eltd-icon-linear-icon lnr lnr-cog \" ><\/i>\t<\/div>\n\t<div class=\"eltd-separator\">\n\t\t<span style=\"width: 85px;height: 1px\"><\/span>\n\t<\/div>\n<\/div>[vc_empty_space]<div class=\"eltd-carousel-holder clearfix\"><div class=\"eltd-carousel\" data-items=\"3\" data-navigation=\"yes\"><div class=\"eltd-carousel-item-holder\">\n\t\t<a href=\"#\" target=\"_self\">\n\t\t\t\t\t\t<span class=\"eltd-carousel-first-image-holder eltd-has-hover-image eltd-image-change\">\n\t\t\t\t<img decoding=\"async\" src=\"https:\/\/ucuzurunbul.com\/wp-content\/uploads\/2024\/05\/Ocak_2024.jpg\" alt=\"Ocak 2024\">\n\t\t\t<\/span>\n\t\t\t\t\t\t\t<span class=\"eltd-carousel-second-image-holder eltd-has-hover-image eltd-image-change\">\n\t\t\t\t<img decoding=\"async\" src=\"https:\/\/ucuzurunbul.com\/wp-content\/uploads\/2024\/05\/Ocak_2024.jpg\" alt=\"Ocak 2024\">\n\t\t\t<\/span>\n\t\t\t\t<\/a>\n\t<\/div>\n<div class=\"eltd-carousel-item-holder\">\n\t\t<a href=\"#\" target=\"_self\">\n\t\t\t\t\t\t<span class=\"eltd-carousel-first-image-holder eltd-has-hover-image eltd-image-change\">\n\t\t\t\t<img decoding=\"async\" src=\"https:\/\/ucuzurunbul.com\/wp-content\/uploads\/2024\/05\/Eylul_2023.jpg\" alt=\"Eyl\u00fcl 2023\">\n\t\t\t<\/span>\n\t\t\t\t\t\t\t<span class=\"eltd-carousel-second-image-holder eltd-has-hover-image eltd-image-change\">\n\t\t\t\t<img decoding=\"async\" src=\"https:\/\/ucuzurunbul.com\/wp-content\/uploads\/2024\/05\/Eylul_2023.jpg\" alt=\"Eyl\u00fcl 2023\">\n\t\t\t<\/span>\n\t\t\t\t<\/a>\n\t<\/div>\n<div class=\"eltd-carousel-item-holder\">\n\t\t<a href=\"#\" target=\"_self\">\n\t\t\t\t\t\t<span class=\"eltd-carousel-first-image-holder eltd-has-hover-image eltd-image-change\">\n\t\t\t\t<img decoding=\"async\" src=\"https:\/\/ucuzurunbul.com\/wp-content\/uploads\/2024\/05\/Subat_2024.jpg\" alt=\"\u015eubat 2024\">\n\t\t\t<\/span>\n\t\t\t\t\t\t\t<span class=\"eltd-carousel-second-image-holder eltd-has-hover-image eltd-image-change\">\n\t\t\t\t<img decoding=\"async\" src=\"https:\/\/ucuzurunbul.com\/wp-content\/uploads\/2024\/05\/Subat_2024.jpg\" alt=\"\u015eubat 2024\">\n\t\t\t<\/span>\n\t\t\t\t<\/a>\n\t<\/div>\n<\/div><\/div>[vc_empty_space][\/vc_column][vc_column width=&#8221;1\/6&#8243;][\/vc_column][\/vc_row]<\/p>\n<\/section>","protected":false},"excerpt":{"rendered":"<p>[vc_row][vc_column width=&#8221;1\/6&#8243;][\/vc_column][vc_column width=&#8221;2\/3&#8243;][vc_empty_space][vc_row_inner][vc_column_inner width=&#8221;1\/2&#8243;][vc_single_image image=&#8221;3217&#8243; img_size=&#8221;medium&#8221; alignment=&#8221;center&#8221; style=&#8221;vc_box_shadow&#8221; onclick=&#8221;custom_link&#8221; link=&#8221;#&#8221;][\/vc_column_inner][vc_column_inner width=&#8221;1\/2&#8243;][vc_column_text] \u015eubat 2024 [\/vc_column_text][vc_column_text]Muhterem Okuyucu, T\u00fcrktoyu T\u00fcrk D\u00fcnyas\u0131 Edebiyat\u0131 Dergisi \u015eubat say\u0131s\u0131yla merhaba diyoruz. Dergimiz edit\u00f6r\u00fc \u00d6mr\u00fcm I\u015eIKAK ve Azerbaycan\u2019dan Aysel HANLARKIZI hocalar\u0131m\u0131z\u0131n yaz\u0131lar\u0131 ile merhaba dedi\u011fimiz dergimizde, tekrar ya\u015famak istemeyece\u011fimiz o ay\u0131 tekrardan y\u00e2d&#8230;<\/p>\n","protected":false},"author":1,"featured_media":0,"parent":0,"menu_order":0,"comment_status":"closed","ping_status":"closed","template":"full-width.php","meta":{"footnotes":""},"_links":{"self":[{"href":"https:\/\/ucuzurunbul.com\/index.php\/wp-json\/wp\/v2\/pages\/3555"}],"collection":[{"href":"https:\/\/ucuzurunbul.com\/index.php\/wp-json\/wp\/v2\/pages"}],"about":[{"href":"https:\/\/ucuzurunbul.com\/index.php\/wp-json\/wp\/v2\/types\/page"}],"author":[{"embeddable":true,"href":"https:\/\/ucuzurunbul.com\/index.php\/wp-json\/wp\/v2\/users\/1"}],"replies":[{"embeddable":true,"href":"https:\/\/ucuzurunbul.com\/index.php\/wp-json\/wp\/v2\/comments?post=3555"}],"version-history":[{"count":12,"href":"https:\/\/ucuzurunbul.com\/index.php\/wp-json\/wp\/v2\/pages\/3555\/revisions"}],"predecessor-version":[{"id":4328,"href":"https:\/\/ucuzurunbul.com\/index.php\/wp-json\/wp\/v2\/pages\/3555\/revisions\/4328"}],"wp:attachment":[{"href":"https:\/\/ucuzurunbul.com\/index.php\/wp-json\/wp\/v2\/media?parent=3555"}],"curies":[{"name":"wp","href":"https:\/\/api.w.org\/{rel}","templated":true}]}}