{"id":3554,"date":"2024-05-07T00:20:45","date_gmt":"2024-05-06T21:20:45","guid":{"rendered":"https:\/\/ucuzurunbul.com\/index.php\/membership-join\/membership-registration\/"},"modified":"2024-05-15T01:49:59","modified_gmt":"2024-05-14T22:49:59","slug":"membership-registration","status":"publish","type":"page","link":"https:\/\/ucuzurunbul.com\/index.php\/membership-login\/membership-registration\/","title":{"rendered":"Kay\u0131t"},"content":{"rendered":"<section class=\"wpb-content-wrapper\"><p>[vc_row][vc_column width=&#8221;1\/6&#8243;][\/vc_column][vc_column width=&#8221;2\/3&#8243;][vc_empty_space][vc_row_inner][vc_column_inner width=&#8221;1\/2&#8243;][vc_single_image image=&#8221;3217&#8243; img_size=&#8221;medium&#8221; alignment=&#8221;center&#8221; style=&#8221;vc_box_shadow&#8221; onclick=&#8221;custom_link&#8221; link=&#8221;#&#8221;][vc_empty_space][vc_empty_space][vc_single_image image=&#8221;3548&#8243; img_size=&#8221;medium&#8221; alignment=&#8221;center&#8221;][\/vc_column_inner][vc_column_inner width=&#8221;1\/2&#8243;][vc_column_text]<\/p>\n<h2>Kay\u0131t Olun<\/h2>\n<p>[\/vc_column_text]<div class=\"eltd-separator-with-icon-holder clearfix  eltd-separator-left\" style=\"margin-top: 12px\">\n\t<div class=\"eltd-separator\">\n\t\t<span style=\"width: 85px;height: 1px\"><\/span>\n\t<\/div>\n\t<div class=\"eltd-separator-icon\">\n\t\t<i class=\"eltd-icon-linear-icon lnr lnr-cog \" ><\/i>\t<\/div>\n\t<div class=\"eltd-separator\">\n\t\t<span style=\"width: 85px;height: 1px\"><\/span>\n\t<\/div>\n<\/div>[vc_column_text]L\u00fctfen a\u015fa\u011f\u0131daki formu doldurun ve y\u00f6nergeleri izleyin.[\/vc_column_text][vc_empty_space][vc_column_text][swpm_registration_form][\/vc_column_text][\/vc_column_inner][\/vc_row_inner][\/vc_column][vc_column width=&#8221;1\/6&#8243;][\/vc_column][\/vc_row][vc_row][vc_column width=&#8221;1\/2&#8243;][\/vc_column][vc_column width=&#8221;1\/2&#8243;][vc_row_inner][vc_column_inner width=&#8221;1\/2&#8243;][vc_column_text]<\/p>\n<p style=\"text-align: left;\"><strong>Zaten \u00fcye misiniz? giri\u015f yap\u0131n&#8230;<\/strong><\/p>\n<p>[\/vc_column_text][vc_empty_space height=&#8221;12px&#8221;][vc_btn title=&#8221;\u00dcye Giri\u015fi&#8221; link=&#8221;url:https%3A%2F%2Fucuzurunbul.com%2Findex.php%2Fuye-girisi-1%2F|title:%C3%9Cye%20Giri%C5%9Fi&#8221;][\/vc_column_inner][vc_column_inner width=&#8221;1\/2&#8243;][\/vc_column_inner][\/vc_row_inner][\/vc_column][\/vc_row][vc_row css=&#8221;.vc_custom_1715725212291{background-color: #0a0909 !important;}&#8221;][vc_column][vc_row_inner css=&#8221;.vc_custom_1715725250839{padding-top: 32px !important;padding-bottom: 32px !important;}&#8221;][vc_column_inner width=&#8221;1\/3&#8243;][vc_empty_space][vc_single_image image=&#8221;3546&#8243; img_size=&#8221;medium&#8221; alignment=&#8221;center&#8221; onclick=&#8221;custom_link&#8221; link=&#8221;https:\/\/ucuzurunbul.com\/&#8221;][\/vc_column_inner][vc_column_inner width=&#8221;1\/3&#8243;][vc_empty_space][vc_empty_space][vc_column_text]<\/p>\n<p style=\"text-align: center;\"><span style=\"color: #999999;\"><a style=\"color: #999999;\" href=\"https:\/\/ucuzurunbul.com\/\">Ana Sayfa<\/a> |\u00a0<a style=\"color: #999999;\" href=\"#\">Hakk\u0131m\u0131zda<\/a> |\u00a0<a style=\"color: #999999;\" href=\"#\">Say\u0131lar\u0131m\u0131z<\/a> |\u00a0<a style=\"color: #999999;\" href=\"https:\/\/ucuzurunbul.com\/index.php\/membership-login\/membership-registration\/\">Bize Kat\u0131l\u0131n<\/a> |\u00a0<a style=\"color: #999999;\" href=\"#\">\u0130leti\u015fim<\/a><\/span><\/p>\n<p>[\/vc_column_text][\/vc_column_inner][vc_column_inner width=&#8221;1\/3&#8243;][vc_empty_space][vc_empty_space][vc_widget_sidebar sidebar_id=&#8221;footer_text&#8221;][vc_widget_sidebar sidebar_id=&#8221;footer_bottom_left&#8221;][\/vc_column_inner][\/vc_row_inner][\/vc_column][\/vc_row]<\/p>\n<\/section>","protected":false},"excerpt":{"rendered":"<p>[vc_row][vc_column width=&#8221;1\/6&#8243;][\/vc_column][vc_column width=&#8221;2\/3&#8243;][vc_empty_space][vc_row_inner][vc_column_inner width=&#8221;1\/2&#8243;][vc_single_image image=&#8221;3217&#8243; img_size=&#8221;medium&#8221; alignment=&#8221;center&#8221; style=&#8221;vc_box_shadow&#8221; onclick=&#8221;custom_link&#8221; link=&#8221;#&#8221;][vc_empty_space][vc_empty_space][vc_single_image image=&#8221;3548&#8243; img_size=&#8221;medium&#8221; alignment=&#8221;center&#8221;][\/vc_column_inner][vc_column_inner width=&#8221;1\/2&#8243;][vc_column_text] Kay\u0131t Olun [\/vc_column_text][vc_column_text]L\u00fctfen a\u015fa\u011f\u0131daki formu doldurun ve y\u00f6nergeleri izleyin.[\/vc_column_text][vc_empty_space][vc_column_text][swpm_registration_form][\/vc_column_text][\/vc_column_inner][\/vc_row_inner][\/vc_column][vc_column width=&#8221;1\/6&#8243;][\/vc_column][\/vc_row][vc_row][vc_column width=&#8221;1\/2&#8243;][\/vc_column][vc_column width=&#8221;1\/2&#8243;][vc_row_inner][vc_column_inner width=&#8221;1\/2&#8243;][vc_column_text] Zaten \u00fcye misiniz? giri\u015f yap\u0131n&#8230; [\/vc_column_text][vc_empty_space height=&#8221;12px&#8221;][vc_btn title=&#8221;\u00dcye Giri\u015fi&#8221; link=&#8221;url:https%3A%2F%2Fucuzurunbul.com%2Findex.php%2Fuye-girisi-1%2F|title:%C3%9Cye%20Giri%C5%9Fi&#8221;][\/vc_column_inner][vc_column_inner width=&#8221;1\/2&#8243;][\/vc_column_inner][\/vc_row_inner][\/vc_column][\/vc_row][vc_row css=&#8221;.vc_custom_1715725212291{background-color: #0a0909 !important;}&#8221;][vc_column][vc_row_inner css=&#8221;.vc_custom_1715725250839{padding-top: 32px !important;padding-bottom: 32px&#8230;<\/p>\n","protected":false},"author":1,"featured_media":0,"parent":3555,"menu_order":0,"comment_status":"closed","ping_status":"closed","template":"landing-page.php","meta":{"footnotes":""},"_links":{"self":[{"href":"https:\/\/ucuzurunbul.com\/index.php\/wp-json\/wp\/v2\/pages\/3554"}],"collection":[{"href":"https:\/\/ucuzurunbul.com\/index.php\/wp-json\/wp\/v2\/pages"}],"about":[{"href":"https:\/\/ucuzurunbul.com\/index.php\/wp-json\/wp\/v2\/types\/page"}],"author":[{"embeddable":true,"href":"https:\/\/ucuzurunbul.com\/index.php\/wp-json\/wp\/v2\/users\/1"}],"replies":[{"embeddable":true,"href":"https:\/\/ucuzurunbul.com\/index.php\/wp-json\/wp\/v2\/comments?post=3554"}],"version-history":[{"count":10,"href":"https:\/\/ucuzurunbul.com\/index.php\/wp-json\/wp\/v2\/pages\/3554\/revisions"}],"predecessor-version":[{"id":4354,"href":"https:\/\/ucuzurunbul.com\/index.php\/wp-json\/wp\/v2\/pages\/3554\/revisions\/4354"}],"up":[{"embeddable":true,"href":"https:\/\/ucuzurunbul.com\/index.php\/wp-json\/wp\/v2\/pages\/3555"}],"wp:attachment":[{"href":"https:\/\/ucuzurunbul.com\/index.php\/wp-json\/wp\/v2\/media?parent=3554"}],"curies":[{"name":"wp","href":"https:\/\/api.w.org\/{rel}","templated":true}]}}